{"id":1335,"date":"2017-02-08T07:01:55","date_gmt":"2017-02-08T07:01:55","guid":{"rendered":"http:\/\/consult.loc\/?page_id=1142"},"modified":"2024-05-01T12:21:16","modified_gmt":"2024-05-01T11:21:16","slug":"about","status":"publish","type":"page","link":"https:\/\/ydconseil.com\/fr\/about\/","title":{"rendered":"A propos de"},"content":{"rendered":"<div data-elementor-type=\"wp-page\" data-elementor-id=\"1335\" class=\"elementor elementor-1335\" data-elementor-post-type=\"page\">\n\t\t\t\t\t\t<section class=\"elementor-section elementor-top-section elementor-element elementor-element-b8c3be0 elementor-section-stretched elementor-section-boxed elementor-section-height-default elementor-section-height-default\" data-id=\"b8c3be0\" data-element_type=\"section\" data-settings=\"{&quot;background_background&quot;:&quot;classic&quot;,&quot;stretch_section&quot;:&quot;section-stretched&quot;}\">\n\t\t\t\t\t\t<div class=\"elementor-container elementor-column-gap-default\">\n\t\t\t\t\t<div class=\"elementor-column elementor-col-58 elementor-top-column elementor-element elementor-element-b8c43ef\" data-id=\"b8c43ef\" data-element_type=\"column\">\n\t\t\t<div class=\"elementor-widget-wrap elementor-element-populated\">\n\t\t\t\t\t\t<div class=\"elementor-element elementor-element-b8c4ea5 elementor-widget elementor-widget-text-editor\" data-id=\"b8c4ea5\" data-element_type=\"widget\" data-widget_type=\"text-editor.default\">\n\t\t\t\t<div class=\"elementor-widget-container\">\n\t\t\t<style>\/*! elementor - v3.23.0 - 05-08-2024 *\/\n.elementor-widget-text-editor.elementor-drop-cap-view-stacked .elementor-drop-cap{background-color:#69727d;color:#fff}.elementor-widget-text-editor.elementor-drop-cap-view-framed .elementor-drop-cap{color:#69727d;border:3px solid;background-color:transparent}.elementor-widget-text-editor:not(.elementor-drop-cap-view-default) .elementor-drop-cap{margin-top:8px}.elementor-widget-text-editor:not(.elementor-drop-cap-view-default) .elementor-drop-cap-letter{width:1em;height:1em}.elementor-widget-text-editor .elementor-drop-cap{float:left;text-align:center;line-height:1;font-size:50px}.elementor-widget-text-editor .elementor-drop-cap-letter{display:inline-block}<\/style>\t\t\t\t<p>Bienvenue \u00e0 YD CONSULTANCY, votre premier partenaire de conseil d\u00e9di\u00e9 \u00e0 l'excellence et \u00e0 l'innovation dans le paysage commercial alg\u00e9rien. Fond\u00e9 avec la vision de<br \/>de donner aux organisations les moyens d'agir gr\u00e2ce \u00e0 des id\u00e9es et des solutions strat\u00e9giques, nous avons mis en place<br \/>Nous nous consid\u00e9rons comme des conseillers de confiance qui s'engagent \u00e0 fournir des r\u00e9sultats exceptionnels.<\/p>\n\t\t\t\t\t\t<\/div>\n\t\t\t\t<\/div>\n\t\t\t\t<div class=\"elementor-element elementor-element-ed2f6a3 elementor-widget elementor-widget-text-editor\" data-id=\"ed2f6a3\" data-element_type=\"widget\" data-widget_type=\"text-editor.default\">\n\t\t\t\t<div class=\"elementor-widget-container\">\n\t\t\t\t\t\t\t<p>Gr\u00e2ce \u00e0 nos cinq lignes de services int\u00e9gr\u00e9es - fiscalit\u00e9 et droit, conseil, gestion des risques, etc.<br \/>Conseil, conseil financier et d\u00e9veloppement durable - gr\u00e2ce \u00e0 notre vaste expertise sectorielle, nous aidons nos clients \u00e0 d\u00e9velopper leurs activit\u00e9s et \u00e0 am\u00e9liorer leurs performances tout en g\u00e9rant les potentiels.<\/p>\n\t\t\t\t\t\t<\/div>\n\t\t\t\t<\/div>\n\t\t\t\t<div class=\"elementor-element elementor-element-36d2eb7 elementor-widget elementor-widget-text-editor\" data-id=\"36d2eb7\" data-element_type=\"widget\" data-widget_type=\"text-editor.default\">\n\t\t\t\t<div class=\"elementor-widget-container\">\n\t\t\t\t\t\t\t<p>Nous aidons nos clients \u00e0 am\u00e9liorer leurs performances et \u00e0 att\u00e9nuer efficacement les diff\u00e9rents risques commerciaux, tout en veillant au respect des r\u00e9glementations afin de favoriser une croissance responsable et durable.<\/p>\n\t\t\t\t\t\t<\/div>\n\t\t\t\t<\/div>\n\t\t\t\t<div class=\"elementor-element elementor-element-b8c521c elementor-widget elementor-widget-text-editor\" data-id=\"b8c521c\" data-element_type=\"widget\" data-widget_type=\"text-editor.default\">\n\t\t\t\t<div class=\"elementor-widget-container\">\n\t\t\t\t\t\t\t<blockquote style=\"background-color: #ffffff;\">\n<p>YD Consultancy a \u00e9t\u00e9 cr\u00e9\u00e9 pour offrir des services de haute qualit\u00e9 bas\u00e9s sur des normes internationales \u00e0 des co\u00fbts raisonnables.<\/p>\n<\/blockquote>\n\t\t\t\t\t\t<\/div>\n\t\t\t\t<\/div>\n\t\t\t\t<div class=\"elementor-element elementor-element-7c613f4 elementor-widget elementor-widget-vc_custom_heading\" data-id=\"7c613f4\" data-element_type=\"widget\" data-widget_type=\"vc_custom_heading.default\">\n\t\t\t\t<div class=\"elementor-widget-container\">\n\t\t\t<div class=\"vc_custom_heading  consulting_heading_font  text_align_left title_no_stripe\" ><h3 style=\"color: #FF3036;text-align: left;font-weight:700\" class=\"consulting-custom-title\">Notre fondateur\n<\/h3><\/div>\t\t<\/div>\n\t\t\t\t<\/div>\n\t\t\t\t<div class=\"elementor-element elementor-element-4ee7f85 elementor-widget elementor-widget-text-editor\" data-id=\"4ee7f85\" data-element_type=\"widget\" data-widget_type=\"text-editor.default\">\n\t\t\t\t<div class=\"elementor-widget-container\">\n\t\t\t\t\t\t\t<p>Yacine Deramchia, fondateur et associ\u00e9 directeur d'YD Consultancy, est un ancien associ\u00e9 du cabinet EY Legal &amp; Tax en Alg\u00e9rie.<\/p>\n<p>Il a acquis plus de 20 ans d'exp\u00e9rience fiscale aupr\u00e8s de clients op\u00e9rant dans diff\u00e9rents secteurs tels que la construction, l'industrie pharmaceutique, le p\u00e9trole et le gaz, les t\u00e9l\u00e9communications et la publicit\u00e9.<\/p>\n<p>Il a travaill\u00e9 avec des multinationales de premier plan en Alg\u00e9rie, au Canada, aux \u00c9tats-Unis et dans plusieurs pays europ\u00e9ens.<\/p>\n\t\t\t\t\t\t<\/div>\n\t\t\t\t<\/div>\n\t\t\t\t\t<\/div>\n\t\t<\/div>\n\t\t\t\t<div class=\"elementor-column elementor-col-41 elementor-top-column elementor-element elementor-element-b8c56a3\" data-id=\"b8c56a3\" data-element_type=\"column\">\n\t\t\t<div class=\"elementor-widget-wrap elementor-element-populated\">\n\t\t\t\t\t\t<div class=\"elementor-element elementor-element-6be37b9 elementor-widget elementor-widget-image\" data-id=\"6be37b9\" data-element_type=\"widget\" data-widget_type=\"image.default\">\n\t\t\t\t<div class=\"elementor-widget-container\">\n\t\t\t<style>\/*! elementor - v3.23.0 - 05-08-2024 *\/\n.elementor-widget-image{text-align:center}.elementor-widget-image a{display:inline-block}.elementor-widget-image a img[src$=\".svg\"]{width:48px}.elementor-widget-image img{vertical-align:middle;display:inline-block}<\/style>\t\t\t\t\t\t\t\t\t\t<img fetchpriority=\"high\" decoding=\"async\" width=\"550\" height=\"800\" src=\"https:\/\/ydconseil.com\/wp-content\/uploads\/2024\/03\/Yacine-deramchia.png\" class=\"attachment-large size-large wp-image-17151\" alt=\"\" srcset=\"https:\/\/ydconseil.com\/wp-content\/uploads\/2024\/03\/Yacine-deramchia.png 550w, https:\/\/ydconseil.com\/wp-content\/uploads\/2024\/03\/Yacine-deramchia-206x300.png 206w\" sizes=\"(max-width: 550px) 100vw, 550px\" \/>\t\t\t\t\t\t\t\t\t\t\t\t\t<\/div>\n\t\t\t\t<\/div>\n\t\t\t\t\t<\/div>\n\t\t<\/div>\n\t\t\t\t\t<\/div>\n\t\t<\/section>\n\t\t\t\t<section class=\"elementor-section elementor-top-section elementor-element elementor-element-b8c60a3 elementor-section-boxed elementor-section-height-default elementor-section-height-default\" data-id=\"b8c60a3\" data-element_type=\"section\">\n\t\t\t\t\t\t<div class=\"elementor-container elementor-column-gap-default\">\n\t\t\t\t\t<div class=\"elementor-column elementor-col-100 elementor-top-column elementor-element elementor-element-b8c66f2\" data-id=\"b8c66f2\" data-element_type=\"column\">\n\t\t\t<div class=\"elementor-widget-wrap elementor-element-populated\">\n\t\t\t\t\t\t<div class=\"elementor-element elementor-element-b8c6cc9 elementor-widget elementor-widget-vc_custom_heading\" data-id=\"b8c6cc9\" data-element_type=\"widget\" data-widget_type=\"vc_custom_heading.default\">\n\t\t\t\t<div class=\"elementor-widget-container\">\n\t\t\t<div class=\"vc_custom_heading  consulting_heading_font  text_align_left title_no_stripe\" ><h3 style=\"text-align: left;font-weight:700\" class=\"consulting-custom-title\">Pourquoi nous choisir ?\n<\/h3><\/div>\t\t<\/div>\n\t\t\t\t<\/div>\n\t\t\t\t\t<\/div>\n\t\t<\/div>\n\t\t\t\t\t<\/div>\n\t\t<\/section>\n\t\t\t\t<section class=\"elementor-section elementor-top-section elementor-element elementor-element-b8c723d elementor-section-boxed elementor-section-height-default elementor-section-height-default\" data-id=\"b8c723d\" data-element_type=\"section\" data-settings=\"{&quot;background_background&quot;:&quot;classic&quot;}\">\n\t\t\t\t\t\t<div class=\"elementor-container elementor-column-gap-default\">\n\t\t\t\t\t<div class=\"elementor-column elementor-col-50 elementor-top-column elementor-element elementor-element-b8c78ed\" data-id=\"b8c78ed\" data-element_type=\"column\">\n\t\t\t<div class=\"elementor-widget-wrap elementor-element-populated\">\n\t\t\t\t\t\t<div class=\"elementor-element elementor-element-b8c7e8a elementor-widget elementor-widget-stm_icon_box\" data-id=\"b8c7e8a\" data-element_type=\"widget\" data-widget_type=\"stm_icon_box.default\">\n\t\t\t\t<div class=\"elementor-widget-container\">\n\t\t\t\n\n\n            <div onclick=\"return true\" class=\"icon_box  elementor-consulting-icon-box style_1 icon_left clearfix\">\n                <div class=\"icon  font-color_custom font-color_third_bg\" style=\"width:70px\">\n            <i style=\"font-size: 40px;color: ;  width: 50px; height: 50px; display: flex; align-items: center; justify-content: center;\"\n               class=\"stm-zurich-stamp\"><\/i><\/div>\n        <div class=\"icon_text\">\n                    <h5  class=\"font-color_base\">Expertise\n<\/h5>\n                <p>Nous apportons une grande expertise \u00e0 chaque projet. De l'\u00e9valuation d'entreprise \u00e0 la transformation num\u00e9rique, nous disposons des connaissances et des comp\u00e9tences n\u00e9cessaires pour relever vos d\u00e9fis et saisir vos opportunit\u00e9s les plus pressants.<\/p>\n    <\/div>\n            <\/div>\n    \n\t\t<\/div>\n\t\t\t\t<\/div>\n\t\t\t\t<div class=\"elementor-element elementor-element-b8c80c3 elementor-widget elementor-widget-stm_icon_box\" data-id=\"b8c80c3\" data-element_type=\"widget\" data-widget_type=\"stm_icon_box.default\">\n\t\t\t\t<div class=\"elementor-widget-container\">\n\t\t\t\n\n\n            <div onclick=\"return true\" class=\"icon_box  elementor-consulting-icon-box style_1 icon_left clearfix\">\n                <div class=\"icon  font-color_custom font-color_third_bg\" style=\"width:70px\">\n            <i style=\"font-size: 40px;color: #ffffff;  width: 50px; height: 50px; display: flex; align-items: center; justify-content: center;\"\n               class=\"stm-delhi-lamp\"><\/i><\/div>\n        <div class=\"icon_text\">\n                    <h5  class=\"font-color_base\">Solutions sur mesure\n<\/h5>\n                <p>Nous comprenons que chaque entreprise est unique, avec ses propres d\u00e9fis, opportunit\u00e9s et objectifs. C'est pourquoi nous sommes sp\u00e9cialis\u00e9s dans la fourniture de solutions personnalis\u00e9es, adapt\u00e9es aux besoins sp\u00e9cifiques de chaque client.<\/p>\n    <\/div>\n            <\/div>\n    \n\t\t<\/div>\n\t\t\t\t<\/div>\n\t\t\t\t\t<\/div>\n\t\t<\/div>\n\t\t\t\t<div class=\"elementor-column elementor-col-50 elementor-top-column elementor-element elementor-element-b8c8dc3\" data-id=\"b8c8dc3\" data-element_type=\"column\">\n\t\t\t<div class=\"elementor-widget-wrap elementor-element-populated\">\n\t\t\t\t\t\t<div class=\"elementor-element elementor-element-b8c936d elementor-widget elementor-widget-stm_icon_box\" data-id=\"b8c936d\" data-element_type=\"widget\" data-widget_type=\"stm_icon_box.default\">\n\t\t\t\t<div class=\"elementor-widget-container\">\n\t\t\t\n\n\n            <div onclick=\"return true\" class=\"icon_box  elementor-consulting-icon-box style_1 icon_left clearfix\">\n                <div class=\"icon  font-color_custom font-color_third_bg\" style=\"width:70px\">\n            <i style=\"font-size: 30px;color: #ffffff;  width: 50px; height: 50px; display: flex; align-items: center; justify-content: center;\"\n               class=\"stm-ppl_outline\"><\/i><\/div>\n        <div class=\"icon_text\">\n                    <h5  class=\"font-color_base\">Approche centr\u00e9e sur le client\n<\/h5>\n                <p><span style=\"font-weight: 400;\">Votre r\u00e9ussite est notre priorit\u00e9 absolue. Nous prenons le temps de comprendre vos besoins, vos objectifs et vos aspirations, et nous travaillons en \u00e9troite collaboration avec vous pour d\u00e9velopper des solutions personnalis\u00e9es qui produisent des r\u00e9sultats mesurables et cr\u00e9ent de la valeur \u00e0 long terme.<\/span><\/p>\n    <\/div>\n            <\/div>\n    \n\t\t<\/div>\n\t\t\t\t<\/div>\n\t\t\t\t<div class=\"elementor-element elementor-element-729a551 elementor-widget elementor-widget-stm_icon_box\" data-id=\"729a551\" data-element_type=\"widget\" data-widget_type=\"stm_icon_box.default\">\n\t\t\t\t<div class=\"elementor-widget-container\">\n\t\t\t\n\n\n            <div onclick=\"return true\" class=\"icon_box  elementor-consulting-icon-box style_1 icon_left clearfix\">\n                <div class=\"icon  font-color_custom font-color_third_bg\" style=\"width:70px\">\n            <i style=\"font-size: 30px;color: #ffffff;  width: 50px; height: 50px; display: flex; align-items: center; justify-content: center;\"\n               class=\"stm-nokia\"><\/i><\/div>\n        <div class=\"icon_text\">\n                    <h5  class=\"font-color_base\">Conna\u00eetre le march\u00e9 alg\u00e9rien\n<\/h5>\n                <p>Notre \u00e9quipe d'experts poss\u00e8de une connaissance approfondie des nuances, des tendances et des dynamiques qui fa\u00e7onnent le paysage alg\u00e9rien. Nous nous appuyons sur ces connaissances pour proposer des strat\u00e9gies et des solutions adapt\u00e9es aux consommateurs locaux, aux r\u00e9glementations et aux pr\u00e9f\u00e9rences culturelles.<\/p>\n    <\/div>\n            <\/div>\n    \n\t\t<\/div>\n\t\t\t\t<\/div>\n\t\t\t\t\t<\/div>\n\t\t<\/div>\n\t\t\t\t\t<\/div>\n\t\t<\/section>\n\t\t\t\t<section class=\"elementor-section elementor-top-section elementor-element elementor-element-b8c977b about-bg-right elementor-section-stretched elementor-section-boxed elementor-section-height-default elementor-section-height-default\" data-id=\"b8c977b\" data-element_type=\"section\" data-settings=\"{&quot;background_background&quot;:&quot;classic&quot;,&quot;stretch_section&quot;:&quot;section-stretched&quot;}\">\n\t\t\t\t\t\t<div class=\"elementor-container elementor-column-gap-default\">\n\t\t\t\t\t<div class=\"elementor-column elementor-col-50 elementor-top-column elementor-element elementor-element-b8c9f42\" data-id=\"b8c9f42\" data-element_type=\"column\">\n\t\t\t<div class=\"elementor-widget-wrap elementor-element-populated\">\n\t\t\t\t\t\t<div class=\"elementor-element elementor-element-b8ca5d4 elementor-widget elementor-widget-vc_custom_heading\" data-id=\"b8ca5d4\" data-element_type=\"widget\" data-widget_type=\"vc_custom_heading.default\">\n\t\t\t\t<div class=\"elementor-widget-container\">\n\t\t\t<div class=\"vc_custom_heading  consulting_heading_font  text_align_left title_no_stripe\" ><h3 style=\"color: #FF3036;text-align: left;font-weight:700\" class=\"consulting-custom-title\">Notre mission\n<\/h3><\/div>\t\t<\/div>\n\t\t\t\t<\/div>\n\t\t\t\t<div class=\"elementor-element elementor-element-b8ca978 elementor-widget elementor-widget-text-editor\" data-id=\"b8ca978\" data-element_type=\"widget\" data-widget_type=\"text-editor.default\">\n\t\t\t\t<div class=\"elementor-widget-container\">\n\t\t\t\t\t\t\t<p>Chez YD CONSULTANCY, notre mission est simple : aider les entreprises \u00e0 prosp\u00e9rer dans un monde qui \u00e9volue rapidement. Nous croyons au pouvoir de la r\u00e9flexion strat\u00e9gique, de l'innovation et de la collaboration pour d\u00e9bloquer des opportunit\u00e9s de croissance et assurer un succ\u00e8s durable \u00e0 nos clients.<\/p>\n\t\t\t\t\t\t<\/div>\n\t\t\t\t<\/div>\n\t\t\t\t<div class=\"elementor-element elementor-element-b8cad37 elementor-widget elementor-widget-text-editor\" data-id=\"b8cad37\" data-element_type=\"widget\" data-widget_type=\"text-editor.default\">\n\t\t\t\t<div class=\"elementor-widget-container\">\n\t\t\t\t\t\t\t<p>Nous savons que les entrepreneurs qui r\u00e9ussissent ont besoin du soutien et de la pr\u00e9sence d'une \u00e9quipe de conseillers exp\u00e9riment\u00e9s. Nous offrons \u00e0 nos clients des solutions et des conseils personnalis\u00e9s pour les aider \u00e0 prendre les meilleures d\u00e9cisions pour leur entreprise.<\/p>\n\t\t\t\t\t\t<\/div>\n\t\t\t\t<\/div>\n\t\t\t\t<div class=\"elementor-element elementor-element-5669c4c elementor-widget elementor-widget-vc_custom_heading\" data-id=\"5669c4c\" data-element_type=\"widget\" data-widget_type=\"vc_custom_heading.default\">\n\t\t\t\t<div class=\"elementor-widget-container\">\n\t\t\t<div class=\"vc_custom_heading  consulting_heading_font  text_align_left title_no_stripe\" ><h3 style=\"text-align: left;font-weight:700\" class=\"consulting-custom-title\">Nos valeurs\n<\/h3><\/div>\t\t<\/div>\n\t\t\t\t<\/div>\n\t\t\t\t<section class=\"elementor-section elementor-inner-section elementor-element elementor-element-b8cb15c elementor-section-boxed elementor-section-height-default elementor-section-height-default\" data-id=\"b8cb15c\" data-element_type=\"section\" data-settings=\"{&quot;background_background&quot;:&quot;classic&quot;}\">\n\t\t\t\t\t\t<div class=\"elementor-container elementor-column-gap-default\">\n\t\t\t\t\t<div class=\"elementor-column elementor-col-50 elementor-top-column elementor-element elementor-element-b8cb8a5\" data-id=\"b8cb8a5\" data-element_type=\"column\">\n\t\t\t<div class=\"elementor-widget-wrap elementor-element-populated\">\n\t\t\t\t\t\t<div class=\"elementor-element elementor-element-b8cbe29 elementor-widget elementor-widget-text-editor\" data-id=\"b8cbe29\" data-element_type=\"widget\" data-widget_type=\"text-editor.default\">\n\t\t\t\t<div class=\"elementor-widget-container\">\n\t\t\t\t\t\t\t<ul>\n<li style=\"line-height: 22px;\"><strong>Int\u00e9grit\u00e9 :<\/strong> Nous respectons les normes \u00e9thiques les plus \u00e9lev\u00e9es, en agissant toujours avec honn\u00eatet\u00e9, int\u00e9grit\u00e9 et professionnalisme.<\/li>\n<li style=\"line-height: 22px;\"><strong>Professionnalisme :<\/strong> Nous respectons des normes \u00e9lev\u00e9es en mati\u00e8re de comportement, d'\u00e9thique et de performance afin de cultiver la confiance, la fiabilit\u00e9 et la cr\u00e9dibilit\u00e9, favorisant ainsi un environnement de travail positif et de bonnes interactions avec les clients.<\/li>\n<\/ul>\n\t\t\t\t\t\t<\/div>\n\t\t\t\t<\/div>\n\t\t\t\t\t<\/div>\n\t\t<\/div>\n\t\t\t\t<div class=\"elementor-column elementor-col-50 elementor-top-column elementor-element elementor-element-b8cc1b4\" data-id=\"b8cc1b4\" data-element_type=\"column\">\n\t\t\t<div class=\"elementor-widget-wrap elementor-element-populated\">\n\t\t\t\t\t\t<div class=\"elementor-element elementor-element-b8cc738 elementor-widget elementor-widget-text-editor\" data-id=\"b8cc738\" data-element_type=\"widget\" data-widget_type=\"text-editor.default\">\n\t\t\t\t<div class=\"elementor-widget-container\">\n\t\t\t\t\t\t\t<ul style=\"line-height: 22px;\">\n<li style=\"line-height: 22px;\"><strong>Excellence :<\/strong> Nous visons l'excellence dans tout ce que nous faisons, en fixant des normes \u00e9lev\u00e9es et en obtenant des r\u00e9sultats exceptionnels.<\/li>\n<li style=\"line-height: 22px;\"><strong>Collaboration :<\/strong> Nous croyons au pouvoir de la collaboration et du travail d'\u00e9quipe, en travaillant en \u00e9troite collaboration avec nos clients pour atteindre des objectifs communs.<\/li>\n<\/ul>\n\t\t\t\t\t\t<\/div>\n\t\t\t\t<\/div>\n\t\t\t\t\t<\/div>\n\t\t<\/div>\n\t\t\t\t\t<\/div>\n\t\t<\/section>\n\t\t\t\t\t<\/div>\n\t\t<\/div>\n\t\t\t\t<div class=\"elementor-column elementor-col-50 elementor-top-column elementor-element elementor-element-b8ccac3 about_full-right_width\" data-id=\"b8ccac3\" data-element_type=\"column\" data-settings=\"{&quot;background_background&quot;:&quot;classic&quot;}\">\n\t\t\t<div class=\"elementor-widget-wrap\">\n\t\t\t\t\t<div class=\"elementor-background-overlay\"><\/div>\n\t\t\t\t\t\t\t<\/div>\n\t\t<\/div>\n\t\t\t\t\t<\/div>\n\t\t<\/section>\n\t\t\t\t<section class=\"elementor-section elementor-top-section elementor-element elementor-element-ce3b987 elementor-section-content-middle elementor-section-stretched elementor-section-boxed elementor-section-height-default elementor-section-height-default\" data-id=\"ce3b987\" data-element_type=\"section\" data-settings=\"{&quot;stretch_section&quot;:&quot;section-stretched&quot;,&quot;background_background&quot;:&quot;classic&quot;}\">\n\t\t\t\t\t\t\t<div class=\"elementor-background-overlay\"><\/div>\n\t\t\t\t\t\t\t<div class=\"elementor-container elementor-column-gap-default\">\n\t\t\t\t\t<div class=\"elementor-column elementor-col-50 elementor-top-column elementor-element elementor-element-58c1c12\" data-id=\"58c1c12\" data-element_type=\"column\">\n\t\t\t<div class=\"elementor-widget-wrap elementor-element-populated\">\n\t\t\t\t\t\t<div class=\"elementor-element elementor-element-bf82125 elementor-widget elementor-widget-heading\" data-id=\"bf82125\" data-element_type=\"widget\" data-widget_type=\"heading.default\">\n\t\t\t\t<div class=\"elementor-widget-container\">\n\t\t\t<style>\/*! elementor - v3.23.0 - 05-08-2024 *\/\n.elementor-heading-title{padding:0;margin:0;line-height:1}.elementor-widget-heading .elementor-heading-title[class*=elementor-size-]>a{color:inherit;font-size:inherit;line-height:inherit}.elementor-widget-heading .elementor-heading-title.elementor-size-small{font-size:15px}.elementor-widget-heading .elementor-heading-title.elementor-size-medium{font-size:19px}.elementor-widget-heading .elementor-heading-title.elementor-size-large{font-size:29px}.elementor-widget-heading .elementor-heading-title.elementor-size-xl{font-size:39px}.elementor-widget-heading .elementor-heading-title.elementor-size-xxl{font-size:59px}<\/style><div class=\"elementor-heading-title elementor-size-default\">Pr\u00eat \u00e0 donner une nouvelle dimension \u00e0 votre entreprise ?<\/div>\t\t<\/div>\n\t\t\t\t<\/div>\n\t\t\t\t\t<\/div>\n\t\t<\/div>\n\t\t\t\t<div class=\"elementor-column elementor-col-50 elementor-top-column elementor-element elementor-element-77a2332\" data-id=\"77a2332\" data-element_type=\"column\">\n\t\t\t<div class=\"elementor-widget-wrap elementor-element-populated\">\n\t\t\t\t\t\t<div class=\"elementor-element elementor-element-44010f1 elementor-widget__width-auto elementor-widget elementor-widget-button\" data-id=\"44010f1\" data-element_type=\"widget\" data-widget_type=\"button.default\">\n\t\t\t\t<div class=\"elementor-widget-container\">\n\t\t\t\t\t<div class=\"elementor-button-wrapper icon_align_right\">\n\t\t\t<a class=\"elementor-button elementor-button-link elementor-size-sm\" href=\"https:\/\/ydconseil.com\/fr\/contact-us\/\">\n\t\t\t\t\t\t<span class=\"elementor-button-content-wrapper\">\n\t\t\t\t\t\t<span class=\"elementor-button-icon\">\n\t\t\t\t<i aria-hidden=\"true\" class=\"stm-right-arrow\"><\/i>\t\t\t<\/span>\n\t\t\t\t\t\t\t\t\t<span class=\"elementor-button-text\">Contactez nous<\/span>\n\t\t\t\t\t<\/span>\n\t\t\t\t\t<\/a>\n\t\t<\/div>\n\t\t\t\t<\/div>\n\t\t\t\t<\/div>\n\t\t\t\t\t<\/div>\n\t\t<\/div>\n\t\t\t\t\t<\/div>\n\t\t<\/section>\n\t\t\t\t<\/div>","protected":false},"excerpt":{"rendered":"<p>Bienvenue \u00e0 YD CONSULTANCY, votre premier partenaire de conseil d\u00e9di\u00e9 \u00e0 l'excellence et \u00e0 l'innovation dans le paysage des affaires en Alg\u00e9rie. Fond\u00e9 avec la vision d'autonomiser les organisations avec des id\u00e9es et des solutions strat\u00e9giques, nous nous sommes \u00e9tablis comme des conseillers de confiance engag\u00e9s \u00e0 fournir des r\u00e9sultats exceptionnels. Gr\u00e2ce \u00e0 nos cinq lignes de services int\u00e9gr\u00e9es - fiscalit\u00e9 et droit, conseil, gestion des risques, conseil financier - nous sommes en mesure d'offrir des services de qualit\u00e9 \u00e0 nos clients et de les aider \u00e0 atteindre leurs objectifs.<\/p>","protected":false},"author":1,"featured_media":0,"parent":0,"menu_order":0,"comment_status":"closed","ping_status":"closed","template":"","meta":{"footnotes":""},"class_list":["post-1335","page","type-page","status-publish","hentry"],"_links":{"self":[{"href":"https:\/\/ydconseil.com\/fr\/wp-json\/wp\/v2\/pages\/1335"}],"collection":[{"href":"https:\/\/ydconseil.com\/fr\/wp-json\/wp\/v2\/pages"}],"about":[{"href":"https:\/\/ydconseil.com\/fr\/wp-json\/wp\/v2\/types\/page"}],"author":[{"embeddable":true,"href":"https:\/\/ydconseil.com\/fr\/wp-json\/wp\/v2\/users\/1"}],"replies":[{"embeddable":true,"href":"https:\/\/ydconseil.com\/fr\/wp-json\/wp\/v2\/comments?post=1335"}],"version-history":[{"count":146,"href":"https:\/\/ydconseil.com\/fr\/wp-json\/wp\/v2\/pages\/1335\/revisions"}],"predecessor-version":[{"id":18526,"href":"https:\/\/ydconseil.com\/fr\/wp-json\/wp\/v2\/pages\/1335\/revisions\/18526"}],"wp:attachment":[{"href":"https:\/\/ydconseil.com\/fr\/wp-json\/wp\/v2\/media?parent=1335"}],"curies":[{"name":"wp","href":"https:\/\/api.w.org\/{rel}","templated":true}]}}